{"id":1048526,"date":"2024-12-26T00:38:56","date_gmt":"2024-12-25T23:38:56","guid":{"rendered":"https:\/\/streetmarkets.fr\/app\/produit\/coffret-chaussettes-cotele-noir-argent-champagne\/"},"modified":"2025-03-24T00:38:47","modified_gmt":"2025-03-23T23:38:47","slug":"coffret-chaussettes-cotele-noir-argent-champagne","status":"publish","type":"product","link":"https:\/\/streetmarkets.fr\/app\/produit\/coffret-chaussettes-cotele-noir-argent-champagne\/","title":{"rendered":"Coffret Chaussettes Cotel\u00e9 Noir Argent Champagne"},"content":{"rendered":"<p>Ce coffret de chaussettes ODAJE contient 3 paires de chaussettes (taille unique) :<\/p>\n<p>&#8211; 1 paire champagne paillet\u00e9<\/p>\n<p>&#8211; 1 paire noir paillet\u00e9<\/p>\n<p>&#8211; 1 paire c\u00f4tel\u00e9 paillet\u00e9 argent\u00e9<\/p>\n<p><strong>Composition :<\/strong><span>\u00a0<\/span><\/p>\n<p>Chaussettes Glitters : 41% polyester, 27% acrylique, 18% polyamide, 6% laine, 5% fibres glitters, 3% \u00e9lasthanne<\/p>\n<p>Chaussettes Cotel\u00e9es : 70% coton biologique, 22% polyester, 5% fibres glitters, 3% \u00e9lasthanne<\/p>\n","protected":false},"excerpt":{"rendered":"<p>Ce coffret de chaussettes ODAJE contient 3 paires de chaussettes (taille unique) : &#8211; 1 paire champagne paillet\u00e9 &#8211; 1 paire noir paillet\u00e9 &#8211; 1 paire c\u00f4tel\u00e9 paillet\u00e9 argent\u00e9 Composition :\u00a0 Chaussettes Glitters : 41% polyester, 27% acrylique, 18% polyamide, 6% laine, 5% fibres glitters, 3% \u00e9lasthanne Chaussettes Cotel\u00e9es : 70% coton biologique, 22% polyester, [&hellip;]<\/p>\n","protected":false},"featured_media":1048527,"comment_status":"open","ping_status":"closed","template":"","meta":[],"product_brand":[],"product_cat":[1756,1764],"product_tag":[1810],"acf":[],"_links":{"self":[{"href":"https:\/\/streetmarkets.fr\/app\/wp-json\/wp\/v2\/product\/1048526"}],"collection":[{"href":"https:\/\/streetmarkets.fr\/app\/wp-json\/wp\/v2\/product"}],"about":[{"href":"https:\/\/streetmarkets.fr\/app\/wp-json\/wp\/v2\/types\/product"}],"replies":[{"embeddable":true,"href":"https:\/\/streetmarkets.fr\/app\/wp-json\/wp\/v2\/comments?post=1048526"}],"wp:featuredmedia":[{"embeddable":true,"href":"https:\/\/streetmarkets.fr\/app\/wp-json\/wp\/v2\/media\/1048527"}],"wp:attachment":[{"href":"https:\/\/streetmarkets.fr\/app\/wp-json\/wp\/v2\/media?parent=1048526"}],"wp:term":[{"taxonomy":"product_brand","embeddable":true,"href":"https:\/\/streetmarkets.fr\/app\/wp-json\/wp\/v2\/product_brand?post=1048526"},{"taxonomy":"product_cat","embeddable":true,"href":"https:\/\/streetmarkets.fr\/app\/wp-json\/wp\/v2\/product_cat?post=1048526"},{"taxonomy":"product_tag","embeddable":true,"href":"https:\/\/streetmarkets.fr\/app\/wp-json\/wp\/v2\/product_tag?post=1048526"}],"curies":[{"name":"wp","href":"https:\/\/api.w.org\/{rel}","templated":true}]}}