{"id":1048481,"date":"2024-12-26T00:38:26","date_gmt":"2024-12-25T23:38:26","guid":{"rendered":"https:\/\/streetmarkets.fr\/app\/produit\/trs-patch-all-natural-boys-tears-gluten-free\/"},"modified":"2025-12-14T00:29:00","modified_gmt":"2025-12-13T23:29:00","slug":"trs-patch-all-natural-boys-tears-gluten-free","status":"publish","type":"product","link":"https:\/\/streetmarkets.fr\/app\/produit\/trs-patch-all-natural-boys-tears-gluten-free\/","title":{"rendered":"TRS &#8211; Patch All Natural Boys tears Gluten-free"},"content":{"rendered":"<p>Patch brod\u00e9 \u00e0 fixer sur vos v\u00eatements \u00e0 l&#8217;aide d&#8217;un fer \u00e0 repasser.<\/p>\n<p>Thermoadh\u00e9sif brod\u00e9<\/p>\n","protected":false},"excerpt":{"rendered":"<p>Patch brod\u00e9 \u00e0 fixer sur vos v\u00eatements \u00e0 l&#8217;aide d&#8217;un fer \u00e0 repasser. Thermoadh\u00e9sif brod\u00e9<\/p>\n","protected":false},"featured_media":1048482,"comment_status":"open","ping_status":"closed","template":"","meta":[],"product_brand":[],"product_cat":[1756,1764,1760],"product_tag":[1810],"acf":[],"_links":{"self":[{"href":"https:\/\/streetmarkets.fr\/app\/wp-json\/wp\/v2\/product\/1048481"}],"collection":[{"href":"https:\/\/streetmarkets.fr\/app\/wp-json\/wp\/v2\/product"}],"about":[{"href":"https:\/\/streetmarkets.fr\/app\/wp-json\/wp\/v2\/types\/product"}],"replies":[{"embeddable":true,"href":"https:\/\/streetmarkets.fr\/app\/wp-json\/wp\/v2\/comments?post=1048481"}],"wp:featuredmedia":[{"embeddable":true,"href":"https:\/\/streetmarkets.fr\/app\/wp-json\/wp\/v2\/media\/1048482"}],"wp:attachment":[{"href":"https:\/\/streetmarkets.fr\/app\/wp-json\/wp\/v2\/media?parent=1048481"}],"wp:term":[{"taxonomy":"product_brand","embeddable":true,"href":"https:\/\/streetmarkets.fr\/app\/wp-json\/wp\/v2\/product_brand?post=1048481"},{"taxonomy":"product_cat","embeddable":true,"href":"https:\/\/streetmarkets.fr\/app\/wp-json\/wp\/v2\/product_cat?post=1048481"},{"taxonomy":"product_tag","embeddable":true,"href":"https:\/\/streetmarkets.fr\/app\/wp-json\/wp\/v2\/product_tag?post=1048481"}],"curies":[{"name":"wp","href":"https:\/\/api.w.org\/{rel}","templated":true}]}}