{"id":1048342,"date":"2024-12-25T06:36:39","date_gmt":"2024-12-25T05:36:39","guid":{"rendered":"https:\/\/streetmarkets.fr\/app\/produit\/street-pantalon-cachemire-femme-madluv\/"},"modified":"2026-05-08T07:37:52","modified_gmt":"2026-05-08T05:37:52","slug":"street-pantalon-cachemire-femme-madluv","status":"publish","type":"product","link":"https:\/\/streetmarkets.fr\/app\/produit\/street-pantalon-cachemire-femme-madluv\/","title":{"rendered":"Pantalon Cachemire Madluv Street"},"content":{"rendered":"<p>PANTALON STREET :Pantalon Gris \u00e0 bandes vertes, et ouvert par le bas. Le lacet est gris.100% cachemire &#8211; 2 Tailles T1 et T2Existe aussi en Noir bandes blanches, en Gris bandes Grises claires, en Beige bandes roses p\u00e2les, en Vert bandes blanchesLa taille T1 corresponds \u00e0 la taille 36-38La taille T2 corresponds \u00e0 la taille 40-42La livraison est offerte pour la France M\u00e9tropolitaine<\/p>\n","protected":false},"excerpt":{"rendered":"<p>PANTALON STREET :Pantalon Gris \u00e0 bandes vertes, et ouvert par le bas. Le lacet est gris.100% cachemire &#8211; 2 Tailles T1 et T2Existe aussi en Noir bandes blanches, en Gris bandes Grises claires, en Beige bandes roses p\u00e2les, en Vert bandes blanchesLa taille T1 corresponds \u00e0 la taille 36-38La taille T2 corresponds \u00e0 la taille [&hellip;]<\/p>\n","protected":false},"featured_media":1048343,"comment_status":"open","ping_status":"closed","template":"","meta":[],"product_brand":[],"product_cat":[1756,1762],"product_tag":[2244],"acf":[],"_links":{"self":[{"href":"https:\/\/streetmarkets.fr\/app\/wp-json\/wp\/v2\/product\/1048342"}],"collection":[{"href":"https:\/\/streetmarkets.fr\/app\/wp-json\/wp\/v2\/product"}],"about":[{"href":"https:\/\/streetmarkets.fr\/app\/wp-json\/wp\/v2\/types\/product"}],"replies":[{"embeddable":true,"href":"https:\/\/streetmarkets.fr\/app\/wp-json\/wp\/v2\/comments?post=1048342"}],"wp:featuredmedia":[{"embeddable":true,"href":"https:\/\/streetmarkets.fr\/app\/wp-json\/wp\/v2\/media\/1048343"}],"wp:attachment":[{"href":"https:\/\/streetmarkets.fr\/app\/wp-json\/wp\/v2\/media?parent=1048342"}],"wp:term":[{"taxonomy":"product_brand","embeddable":true,"href":"https:\/\/streetmarkets.fr\/app\/wp-json\/wp\/v2\/product_brand?post=1048342"},{"taxonomy":"product_cat","embeddable":true,"href":"https:\/\/streetmarkets.fr\/app\/wp-json\/wp\/v2\/product_cat?post=1048342"},{"taxonomy":"product_tag","embeddable":true,"href":"https:\/\/streetmarkets.fr\/app\/wp-json\/wp\/v2\/product_tag?post=1048342"}],"curies":[{"name":"wp","href":"https:\/\/api.w.org\/{rel}","templated":true}]}}