{"id":1048314,"date":"2024-12-25T06:36:38","date_gmt":"2024-12-25T05:36:38","guid":{"rendered":"https:\/\/streetmarkets.fr\/app\/produit\/grrr-pull-cachemire-femme-madluv\/"},"modified":"2026-05-11T07:37:45","modified_gmt":"2026-05-11T05:37:45","slug":"grrr-pull-cachemire-femme-madluv","status":"publish","type":"product","link":"https:\/\/streetmarkets.fr\/app\/produit\/grrr-pull-cachemire-femme-madluv\/","title":{"rendered":"GRRR &#8211; Pull 100% Cachemire &#8211; Madluv"},"content":{"rendered":"<p>GRRR :Un peu d&#8217;humeur, beaucoup d&#8217;humour !Pull col rond, manches longues, coupe oversize pour une taille unique, fendu sur les c\u00f4t\u00e9s. Motif GRRR r\u00e9alis\u00e9 en intarsia.100% cachemire &#8211; Taille Unique &#8211; Coloris : Bleu Indigo &#8211; Existe aussi en NoirLa livraison est offerte pour la France M\u00e9tropolitaine !<\/p>\n","protected":false},"excerpt":{"rendered":"<p>GRRR :Un peu d&#8217;humeur, beaucoup d&#8217;humour !Pull col rond, manches longues, coupe oversize pour une taille unique, fendu sur les c\u00f4t\u00e9s. Motif GRRR r\u00e9alis\u00e9 en intarsia.100% cachemire &#8211; Taille Unique &#8211; Coloris : Bleu Indigo &#8211; Existe aussi en NoirLa livraison est offerte pour la France M\u00e9tropolitaine !<\/p>\n","protected":false},"featured_media":1048315,"comment_status":"open","ping_status":"closed","template":"","meta":[],"product_brand":[],"product_cat":[1756,1762],"product_tag":[2244],"acf":[],"_links":{"self":[{"href":"https:\/\/streetmarkets.fr\/app\/wp-json\/wp\/v2\/product\/1048314"}],"collection":[{"href":"https:\/\/streetmarkets.fr\/app\/wp-json\/wp\/v2\/product"}],"about":[{"href":"https:\/\/streetmarkets.fr\/app\/wp-json\/wp\/v2\/types\/product"}],"replies":[{"embeddable":true,"href":"https:\/\/streetmarkets.fr\/app\/wp-json\/wp\/v2\/comments?post=1048314"}],"wp:featuredmedia":[{"embeddable":true,"href":"https:\/\/streetmarkets.fr\/app\/wp-json\/wp\/v2\/media\/1048315"}],"wp:attachment":[{"href":"https:\/\/streetmarkets.fr\/app\/wp-json\/wp\/v2\/media?parent=1048314"}],"wp:term":[{"taxonomy":"product_brand","embeddable":true,"href":"https:\/\/streetmarkets.fr\/app\/wp-json\/wp\/v2\/product_brand?post=1048314"},{"taxonomy":"product_cat","embeddable":true,"href":"https:\/\/streetmarkets.fr\/app\/wp-json\/wp\/v2\/product_cat?post=1048314"},{"taxonomy":"product_tag","embeddable":true,"href":"https:\/\/streetmarkets.fr\/app\/wp-json\/wp\/v2\/product_tag?post=1048314"}],"curies":[{"name":"wp","href":"https:\/\/api.w.org\/{rel}","templated":true}]}}