{"id":1047986,"date":"2024-12-25T03:08:31","date_gmt":"2024-12-25T02:08:31","guid":{"rendered":"https:\/\/streetmarkets.fr\/app\/produit\/saudade-2\/"},"modified":"2026-05-10T03:50:49","modified_gmt":"2026-05-10T01:50:49","slug":"saudade-2","status":"publish","type":"product","link":"https:\/\/streetmarkets.fr\/app\/produit\/saudade-2\/","title":{"rendered":"Saudade"},"content":{"rendered":"<p>Saudade s&#8217;adresse au c\u0153ur des voyageurs, qui font l&#8217;exp\u00e9rience de la nature \u00e9ph\u00e9m\u00e8re du temps et de l&#8217;impermanence des lieux.<\/p>\n<p>Monture Rectangulaire<br \/>Con\u00e7ue pour une coupe unisexe confortable<br \/>Fabriqu\u00e9es \u00e0 la main au Japon en ac\u00e9tate de cellulose\u00a0<br \/>Protection \u00e0 100 % contre les UVA\/UVB<br \/>Rivets embl\u00e9matiques en acier \u00e0 six pointes<br \/>Dimensions : Verre : 55 mm. Pont : 20 mm. Branche : 140 mm.<\/p>\n<p>PT-7012<\/p>\n","protected":false},"excerpt":{"rendered":"<p>Saudade s&#8217;adresse au c\u0153ur des voyageurs, qui font l&#8217;exp\u00e9rience de la nature \u00e9ph\u00e9m\u00e8re du temps et de l&#8217;impermanence des lieux. Monture RectangulaireCon\u00e7ue pour une coupe unisexe confortableFabriqu\u00e9es \u00e0 la main au Japon en ac\u00e9tate de cellulose\u00a0Protection \u00e0 100 % contre les UVA\/UVBRivets embl\u00e9matiques en acier \u00e0 six pointesDimensions : Verre : 55 mm. Pont : [&hellip;]<\/p>\n","protected":false},"featured_media":1047987,"comment_status":"open","ping_status":"closed","template":"","meta":[],"product_brand":[],"product_cat":[1756,1760],"product_tag":[2244],"acf":[],"_links":{"self":[{"href":"https:\/\/streetmarkets.fr\/app\/wp-json\/wp\/v2\/product\/1047986"}],"collection":[{"href":"https:\/\/streetmarkets.fr\/app\/wp-json\/wp\/v2\/product"}],"about":[{"href":"https:\/\/streetmarkets.fr\/app\/wp-json\/wp\/v2\/types\/product"}],"replies":[{"embeddable":true,"href":"https:\/\/streetmarkets.fr\/app\/wp-json\/wp\/v2\/comments?post=1047986"}],"wp:featuredmedia":[{"embeddable":true,"href":"https:\/\/streetmarkets.fr\/app\/wp-json\/wp\/v2\/media\/1047987"}],"wp:attachment":[{"href":"https:\/\/streetmarkets.fr\/app\/wp-json\/wp\/v2\/media?parent=1047986"}],"wp:term":[{"taxonomy":"product_brand","embeddable":true,"href":"https:\/\/streetmarkets.fr\/app\/wp-json\/wp\/v2\/product_brand?post=1047986"},{"taxonomy":"product_cat","embeddable":true,"href":"https:\/\/streetmarkets.fr\/app\/wp-json\/wp\/v2\/product_cat?post=1047986"},{"taxonomy":"product_tag","embeddable":true,"href":"https:\/\/streetmarkets.fr\/app\/wp-json\/wp\/v2\/product_tag?post=1047986"}],"curies":[{"name":"wp","href":"https:\/\/api.w.org\/{rel}","templated":true}]}}