{"id":1038351,"date":"2024-12-23T05:47:09","date_gmt":"2024-12-23T04:47:09","guid":{"rendered":"https:\/\/streetmarkets.fr\/app\/produit\/devyn-146257\/"},"modified":"2026-03-16T05:44:20","modified_gmt":"2026-03-16T04:44:20","slug":"devyn-146257","status":"publish","type":"product","link":"https:\/\/streetmarkets.fr\/app\/produit\/devyn-146257\/","title":{"rendered":"Devyn 146257"},"content":{"rendered":"<p>D\u00e9couvrez le pantalon de ville <strong>Devyn 146257<\/strong> de la marque <strong>Drykorn<\/strong>. Cette pi\u00e8ce au <strong>motif<\/strong> <strong>Prince de Galles<\/strong> incarne le parfait \u00e9quilibre entre confort et \u00e9l\u00e9gance. Avec sa coupe conique &#8220;carotte&#8221;, il offre une <strong>silhouette raffin\u00e9e et dynamique<\/strong>, tout en apportant une touche sophistiqu\u00e9e \u00e0 vos tenues quotidiennes. Ce mod\u00e8le traverse les saisons avec style.<\/p>\n<p>Le d\u00e9tail qui fait la diff\u00e9rence ? L&#8217;anneau en D \u00e0 la taille, une finition \u00e9l\u00e9gante et discr\u00e8te qui donne de la <strong>modernit\u00e9<\/strong> au pantalon. Ce petit d\u00e9tail signature conf\u00e8re au <strong>Devyn 146257<\/strong> une personnalit\u00e9 affirm\u00e9e et un caract\u00e8re unique. Retrouvez ce mod\u00e8le dans notre boutique <strong>Harold<\/strong>, au coeur du marais \u00e0 Paris.<\/p>\n","protected":false},"excerpt":{"rendered":"<p>D\u00e9couvrez le pantalon de ville Devyn 146257 de la marque Drykorn. Cette pi\u00e8ce au motif Prince de Galles incarne le parfait \u00e9quilibre entre confort et \u00e9l\u00e9gance. Avec sa coupe conique &#8220;carotte&#8221;, il offre une silhouette raffin\u00e9e et dynamique, tout en apportant une touche sophistiqu\u00e9e \u00e0 vos tenues quotidiennes. Ce mod\u00e8le traverse les saisons avec style. [&hellip;]<\/p>\n","protected":false},"featured_media":1038352,"comment_status":"open","ping_status":"closed","template":"","meta":[],"product_brand":[],"product_cat":[1756,1758],"product_tag":[2244],"acf":[],"_links":{"self":[{"href":"https:\/\/streetmarkets.fr\/app\/wp-json\/wp\/v2\/product\/1038351"}],"collection":[{"href":"https:\/\/streetmarkets.fr\/app\/wp-json\/wp\/v2\/product"}],"about":[{"href":"https:\/\/streetmarkets.fr\/app\/wp-json\/wp\/v2\/types\/product"}],"replies":[{"embeddable":true,"href":"https:\/\/streetmarkets.fr\/app\/wp-json\/wp\/v2\/comments?post=1038351"}],"wp:featuredmedia":[{"embeddable":true,"href":"https:\/\/streetmarkets.fr\/app\/wp-json\/wp\/v2\/media\/1038352"}],"wp:attachment":[{"href":"https:\/\/streetmarkets.fr\/app\/wp-json\/wp\/v2\/media?parent=1038351"}],"wp:term":[{"taxonomy":"product_brand","embeddable":true,"href":"https:\/\/streetmarkets.fr\/app\/wp-json\/wp\/v2\/product_brand?post=1038351"},{"taxonomy":"product_cat","embeddable":true,"href":"https:\/\/streetmarkets.fr\/app\/wp-json\/wp\/v2\/product_cat?post=1038351"},{"taxonomy":"product_tag","embeddable":true,"href":"https:\/\/streetmarkets.fr\/app\/wp-json\/wp\/v2\/product_tag?post=1038351"}],"curies":[{"name":"wp","href":"https:\/\/api.w.org\/{rel}","templated":true}]}}