{"id":1027983,"date":"2024-12-21T03:08:40","date_gmt":"2024-12-21T02:08:40","guid":{"rendered":"https:\/\/streetmarkets.fr\/app\/produit\/lazy-ss-tee-2\/"},"modified":"2026-05-06T03:50:18","modified_gmt":"2026-05-06T01:50:18","slug":"lazy-ss-tee-2","status":"publish","type":"product","link":"https:\/\/streetmarkets.fr\/app\/produit\/lazy-ss-tee-2\/","title":{"rendered":"Lazy SS Tee"},"content":{"rendered":"<p>100% coton<\/p>\n<p>Fabriqu\u00e9 au Vietnam<\/p>\n<p>1140283<\/p>\n<p><strong><span data-sheets-root=\"1\">Les produits St\u00fcssy ne peuvent \u00eatre exp\u00e9di\u00e9s<br \/>Seul le retrait en boutique \u00e0 Paris est possible via le site Internet<\/span><\/strong><\/p>\n","protected":false},"excerpt":{"rendered":"<p>100% coton Fabriqu\u00e9 au Vietnam 1140283 Les produits St\u00fcssy ne peuvent \u00eatre exp\u00e9di\u00e9sSeul le retrait en boutique \u00e0 Paris est possible via le site Internet<\/p>\n","protected":false},"featured_media":1027984,"comment_status":"open","ping_status":"closed","template":"","meta":[],"product_brand":[],"product_cat":[1756,1758],"product_tag":[2244],"acf":[],"_links":{"self":[{"href":"https:\/\/streetmarkets.fr\/app\/wp-json\/wp\/v2\/product\/1027983"}],"collection":[{"href":"https:\/\/streetmarkets.fr\/app\/wp-json\/wp\/v2\/product"}],"about":[{"href":"https:\/\/streetmarkets.fr\/app\/wp-json\/wp\/v2\/types\/product"}],"replies":[{"embeddable":true,"href":"https:\/\/streetmarkets.fr\/app\/wp-json\/wp\/v2\/comments?post=1027983"}],"wp:featuredmedia":[{"embeddable":true,"href":"https:\/\/streetmarkets.fr\/app\/wp-json\/wp\/v2\/media\/1027984"}],"wp:attachment":[{"href":"https:\/\/streetmarkets.fr\/app\/wp-json\/wp\/v2\/media?parent=1027983"}],"wp:term":[{"taxonomy":"product_brand","embeddable":true,"href":"https:\/\/streetmarkets.fr\/app\/wp-json\/wp\/v2\/product_brand?post=1027983"},{"taxonomy":"product_cat","embeddable":true,"href":"https:\/\/streetmarkets.fr\/app\/wp-json\/wp\/v2\/product_cat?post=1027983"},{"taxonomy":"product_tag","embeddable":true,"href":"https:\/\/streetmarkets.fr\/app\/wp-json\/wp\/v2\/product_tag?post=1027983"}],"curies":[{"name":"wp","href":"https:\/\/api.w.org\/{rel}","templated":true}]}}