{"id":1027779,"date":"2024-12-21T03:07:51","date_gmt":"2024-12-21T02:07:51","guid":{"rendered":"https:\/\/streetmarkets.fr\/app\/produit\/bucket-sport-knit\/"},"modified":"2026-05-09T03:50:15","modified_gmt":"2026-05-09T01:50:15","slug":"bucket-sport-knit","status":"publish","type":"product","link":"https:\/\/streetmarkets.fr\/app\/produit\/bucket-sport-knit\/","title":{"rendered":"Bucket Sport Knit"},"content":{"rendered":"<p><!--td {border: 1px solid #cccccc;}br {mso-data-placement:same-cell;}--><\/p>\n<p style=\"text-align: center\"><strong><span data-sheets-root=\"1\">Les produits St\u00fcssy ne peuvent \u00eatre exp\u00e9di\u00e9s<br \/>Seul le retrait en boutique \u00e0 Paris est possible via le site Internet<\/span><\/strong><\/p>\n<p><span data-sheets-root=\"1\">1321227<\/span><\/p>\n","protected":false},"excerpt":{"rendered":"<p>Les produits St\u00fcssy ne peuvent \u00eatre exp\u00e9di\u00e9sSeul le retrait en boutique \u00e0 Paris est possible via le site Internet 1321227<\/p>\n","protected":false},"featured_media":1027780,"comment_status":"open","ping_status":"closed","template":"","meta":[],"product_brand":[],"product_cat":[1756,1760],"product_tag":[2244],"acf":[],"_links":{"self":[{"href":"https:\/\/streetmarkets.fr\/app\/wp-json\/wp\/v2\/product\/1027779"}],"collection":[{"href":"https:\/\/streetmarkets.fr\/app\/wp-json\/wp\/v2\/product"}],"about":[{"href":"https:\/\/streetmarkets.fr\/app\/wp-json\/wp\/v2\/types\/product"}],"replies":[{"embeddable":true,"href":"https:\/\/streetmarkets.fr\/app\/wp-json\/wp\/v2\/comments?post=1027779"}],"wp:featuredmedia":[{"embeddable":true,"href":"https:\/\/streetmarkets.fr\/app\/wp-json\/wp\/v2\/media\/1027780"}],"wp:attachment":[{"href":"https:\/\/streetmarkets.fr\/app\/wp-json\/wp\/v2\/media?parent=1027779"}],"wp:term":[{"taxonomy":"product_brand","embeddable":true,"href":"https:\/\/streetmarkets.fr\/app\/wp-json\/wp\/v2\/product_brand?post=1027779"},{"taxonomy":"product_cat","embeddable":true,"href":"https:\/\/streetmarkets.fr\/app\/wp-json\/wp\/v2\/product_cat?post=1027779"},{"taxonomy":"product_tag","embeddable":true,"href":"https:\/\/streetmarkets.fr\/app\/wp-json\/wp\/v2\/product_tag?post=1027779"}],"curies":[{"name":"wp","href":"https:\/\/api.w.org\/{rel}","templated":true}]}}