{"id":1022619,"date":"2024-12-21T01:15:02","date_gmt":"2024-12-21T00:15:02","guid":{"rendered":"https:\/\/streetmarkets.fr\/app\/produit\/pull-col-rond-h24-femme-utopic-pink-100-cachemire-certifie-gcs\/"},"modified":"2024-12-26T01:09:43","modified_gmt":"2024-12-26T00:09:43","slug":"pull-col-rond-h24-femme-utopic-pink-100-cachemire-certifie-gcs","status":"publish","type":"product","link":"https:\/\/streetmarkets.fr\/app\/produit\/pull-col-rond-h24-femme-utopic-pink-100-cachemire-certifie-gcs\/","title":{"rendered":"Pull Col Rond (H24 \/ FEMME \/ Utopic Pink \/ 100% Cachemire &#8211; Certifi\u00e9 GCS)"},"content":{"rendered":"<p>Un c\u0153ur &#8220;Love Club&#8221; illumine ce pull oversize confectionn\u00e9 en cachemire 4 fils. Son col rond, ses manches longues et ses bords c\u00f4tel\u00e9s lui conf\u00e8rent une allure intemporelle. V\u00e9ritable d\u00e9claration de style, mixez-le \u00e0 votre jean pr\u00e9f\u00e9r\u00e9.<\/p>\n<p>&#8211; Pull en cachemire 4 fils certifi\u00e9 GCS\u00ae Femme<br \/>\n<br \/>&#8211; Jacquard c\u0153ur &#8220;Love Club&#8221;<br \/>\n<br \/>&#8211; Col rond<br \/>\n<br \/>&#8211; Manches longues<br \/>\n<br \/>&#8211; Bords c\u00f4tel\u00e9s<br \/>\n<br \/>&#8211; Coupe oversize<br \/>\n<br \/>&#8211; Le Good Cashmere Standard\u00ae (GCS) est une norme ind\u00e9pendante pour un cachemire plus durable et plus responsable. Il vise \u00e0 am\u00e9liorer le bien-\u00eatre des ch\u00e8vres cachemire, les conditions de travail des \u00e9leveurs ainsi qu&#8217;\u00e0 prot\u00e9ger l&#8217;environnement.<\/p>\n","protected":false},"excerpt":{"rendered":"<p>Un c\u0153ur &#8220;Love Club&#8221; illumine ce pull oversize confectionn\u00e9 en cachemire 4 fils. Son col rond, ses manches longues et ses bords c\u00f4tel\u00e9s lui conf\u00e8rent une allure intemporelle. V\u00e9ritable d\u00e9claration de style, mixez-le \u00e0 votre jean pr\u00e9f\u00e9r\u00e9. &#8211; Pull en cachemire 4 fils certifi\u00e9 GCS\u00ae Femme &#8211; Jacquard c\u0153ur &#8220;Love Club&#8221; &#8211; Col rond &#8211; [&hellip;]<\/p>\n","protected":false},"featured_media":1022620,"comment_status":"open","ping_status":"closed","template":"","meta":[],"product_brand":[6868],"product_cat":[1756,1762],"product_tag":[1810,2244],"acf":[],"_links":{"self":[{"href":"https:\/\/streetmarkets.fr\/app\/wp-json\/wp\/v2\/product\/1022619"}],"collection":[{"href":"https:\/\/streetmarkets.fr\/app\/wp-json\/wp\/v2\/product"}],"about":[{"href":"https:\/\/streetmarkets.fr\/app\/wp-json\/wp\/v2\/types\/product"}],"replies":[{"embeddable":true,"href":"https:\/\/streetmarkets.fr\/app\/wp-json\/wp\/v2\/comments?post=1022619"}],"wp:featuredmedia":[{"embeddable":true,"href":"https:\/\/streetmarkets.fr\/app\/wp-json\/wp\/v2\/media\/1022620"}],"wp:attachment":[{"href":"https:\/\/streetmarkets.fr\/app\/wp-json\/wp\/v2\/media?parent=1022619"}],"wp:term":[{"taxonomy":"product_brand","embeddable":true,"href":"https:\/\/streetmarkets.fr\/app\/wp-json\/wp\/v2\/product_brand?post=1022619"},{"taxonomy":"product_cat","embeddable":true,"href":"https:\/\/streetmarkets.fr\/app\/wp-json\/wp\/v2\/product_cat?post=1022619"},{"taxonomy":"product_tag","embeddable":true,"href":"https:\/\/streetmarkets.fr\/app\/wp-json\/wp\/v2\/product_tag?post=1022619"}],"curies":[{"name":"wp","href":"https:\/\/api.w.org\/{rel}","templated":true}]}}