{"id":1021758,"date":"2024-12-20T06:34:28","date_gmt":"2024-12-20T05:34:28","guid":{"rendered":"https:\/\/streetmarkets.fr\/app\/produit\/poudrier-yves-saint-laurent-vintage\/"},"modified":"2026-05-08T07:33:26","modified_gmt":"2026-05-08T05:33:26","slug":"poudrier-yves-saint-laurent-vintage","status":"publish","type":"product","link":"https:\/\/streetmarkets.fr\/app\/produit\/poudrier-yves-saint-laurent-vintage\/","title":{"rendered":"Poudrier Yves Saint Laurent vintage"},"content":{"rendered":"<p>Ravissant poudrier Yves Saint Laurent vintage en m\u00e9tal dor\u00e9 et finitions cristaux bleu en forme de coeur. En tr\u00e8s bon \u00e9tat.<\/p>\n","protected":false},"excerpt":{"rendered":"<p>Ravissant poudrier Yves Saint Laurent vintage en m\u00e9tal dor\u00e9 et finitions cristaux bleu en forme de coeur. En tr\u00e8s bon \u00e9tat.<\/p>\n","protected":false},"featured_media":1021759,"comment_status":"open","ping_status":"closed","template":"","meta":[],"product_brand":[],"product_cat":[1756,1764],"product_tag":[2122],"acf":[],"_links":{"self":[{"href":"https:\/\/streetmarkets.fr\/app\/wp-json\/wp\/v2\/product\/1021758"}],"collection":[{"href":"https:\/\/streetmarkets.fr\/app\/wp-json\/wp\/v2\/product"}],"about":[{"href":"https:\/\/streetmarkets.fr\/app\/wp-json\/wp\/v2\/types\/product"}],"replies":[{"embeddable":true,"href":"https:\/\/streetmarkets.fr\/app\/wp-json\/wp\/v2\/comments?post=1021758"}],"wp:featuredmedia":[{"embeddable":true,"href":"https:\/\/streetmarkets.fr\/app\/wp-json\/wp\/v2\/media\/1021759"}],"wp:attachment":[{"href":"https:\/\/streetmarkets.fr\/app\/wp-json\/wp\/v2\/media?parent=1021758"}],"wp:term":[{"taxonomy":"product_brand","embeddable":true,"href":"https:\/\/streetmarkets.fr\/app\/wp-json\/wp\/v2\/product_brand?post=1021758"},{"taxonomy":"product_cat","embeddable":true,"href":"https:\/\/streetmarkets.fr\/app\/wp-json\/wp\/v2\/product_cat?post=1021758"},{"taxonomy":"product_tag","embeddable":true,"href":"https:\/\/streetmarkets.fr\/app\/wp-json\/wp\/v2\/product_tag?post=1021758"}],"curies":[{"name":"wp","href":"https:\/\/api.w.org\/{rel}","templated":true}]}}