{"id":1004478,"date":"2024-12-18T01:11:21","date_gmt":"2024-12-18T00:11:21","guid":{"rendered":"https:\/\/streetmarkets.fr\/app\/produit\/pull-col-montant-torsades-h24-femme-beige-mouline\/"},"modified":"2025-02-04T01:11:06","modified_gmt":"2025-02-04T00:11:06","slug":"pull-col-montant-torsades-h24-femme-beige-mouline","status":"publish","type":"product","link":"https:\/\/streetmarkets.fr\/app\/produit\/pull-col-montant-torsades-h24-femme-beige-mouline\/","title":{"rendered":"Pull Col Montant Torsades (H24 \/ FEMME \/ Beige Mouline)"},"content":{"rendered":"<p>Confectionn\u00e9 en cachemire, ce pull adopte une maille douce et textur\u00e9e. Dot\u00e9 d&#8217;un col montant et de bords c\u00f4tel\u00e9s, des d\u00e9tails torsad\u00e9s se dessinent \u00e0 l&#8217;avant et le long des manches. <\/p>\n<p>&#8211; Pull en cachemire certifi\u00e9 GCS\u00ae Femme<br \/>\n<br \/>&#8211; D\u00e9tails torsades<br \/>\n<br \/>&#8211; Col montant<br \/>\n<br \/>&#8211; Manches longues<br \/>\n<br \/>&#8211; Bords c\u00f4tel\u00e9s<br \/>\n<br \/>&#8211; Coupe regular<br \/>\n<br \/>&#8211; Le Good Cashmere Standard\u00ae (GCS) est une norme ind\u00e9pendante pour un cachemire plus durable et plus responsable. Il vise \u00e0 am\u00e9liorer le bien-\u00eatre des ch\u00e8vres cachemire, les conditions de travail des \u00e9leveurs ainsi qu&#8217;\u00e0 prot\u00e9ger l&#8217;environnement.<\/p>\n","protected":false},"excerpt":{"rendered":"<p>Confectionn\u00e9 en cachemire, ce pull adopte une maille douce et textur\u00e9e. Dot\u00e9 d&#8217;un col montant et de bords c\u00f4tel\u00e9s, des d\u00e9tails torsad\u00e9s se dessinent \u00e0 l&#8217;avant et le long des manches. &#8211; Pull en cachemire certifi\u00e9 GCS\u00ae Femme &#8211; D\u00e9tails torsades &#8211; Col montant &#8211; Manches longues &#8211; Bords c\u00f4tel\u00e9s &#8211; Coupe regular &#8211; Le [&hellip;]<\/p>\n","protected":false},"featured_media":1004479,"comment_status":"open","ping_status":"closed","template":"","meta":[],"product_brand":[6868],"product_cat":[1756,1762],"product_tag":[2244],"acf":[],"_links":{"self":[{"href":"https:\/\/streetmarkets.fr\/app\/wp-json\/wp\/v2\/product\/1004478"}],"collection":[{"href":"https:\/\/streetmarkets.fr\/app\/wp-json\/wp\/v2\/product"}],"about":[{"href":"https:\/\/streetmarkets.fr\/app\/wp-json\/wp\/v2\/types\/product"}],"replies":[{"embeddable":true,"href":"https:\/\/streetmarkets.fr\/app\/wp-json\/wp\/v2\/comments?post=1004478"}],"wp:featuredmedia":[{"embeddable":true,"href":"https:\/\/streetmarkets.fr\/app\/wp-json\/wp\/v2\/media\/1004479"}],"wp:attachment":[{"href":"https:\/\/streetmarkets.fr\/app\/wp-json\/wp\/v2\/media?parent=1004478"}],"wp:term":[{"taxonomy":"product_brand","embeddable":true,"href":"https:\/\/streetmarkets.fr\/app\/wp-json\/wp\/v2\/product_brand?post=1004478"},{"taxonomy":"product_cat","embeddable":true,"href":"https:\/\/streetmarkets.fr\/app\/wp-json\/wp\/v2\/product_cat?post=1004478"},{"taxonomy":"product_tag","embeddable":true,"href":"https:\/\/streetmarkets.fr\/app\/wp-json\/wp\/v2\/product_tag?post=1004478"}],"curies":[{"name":"wp","href":"https:\/\/api.w.org\/{rel}","templated":true}]}}